{"id":698,"date":"2025-07-22T14:09:51","date_gmt":"2025-07-22T12:09:51","guid":{"rendered":"https:\/\/www.kerremuskrakers.nl\/?page_id=698"},"modified":"2025-07-25T12:55:25","modified_gmt":"2025-07-25T10:55:25","slug":"volledam-de-blaai-en-de-jas","status":"publish","type":"page","link":"https:\/\/www.kerremuskrakers.nl\/index.php\/volledam-de-blaai-en-de-jas\/","title":{"rendered":"Volledam &#8211; De Blaai &#038; De Jas"},"content":{"rendered":"\t\t<div data-elementor-type=\"wp-page\" data-elementor-id=\"698\" class=\"elementor elementor-698\" data-elementor-post-type=\"page\">\n\t\t\t\t<div class=\"elementor-element elementor-element-f0ac05b e-flex e-con-boxed e-con e-parent\" data-id=\"f0ac05b\" data-element_type=\"container\" data-e-type=\"container\">\n\t\t\t\t\t<div class=\"e-con-inner\">\n\t\t\t\t<div class=\"elementor-element elementor-element-4e2ab18 elementor-widget elementor-widget-spacer\" data-id=\"4e2ab18\" data-element_type=\"widget\" data-e-type=\"widget\" data-widget_type=\"spacer.default\">\n\t\t\t\t<div class=\"elementor-widget-container\">\n\t\t\t\t\t\t\t<div class=\"elementor-spacer\">\n\t\t\t<div class=\"elementor-spacer-inner\"><\/div>\n\t\t<\/div>\n\t\t\t\t\t\t<\/div>\n\t\t\t\t<\/div>\n\t\t\t\t\t<\/div>\n\t\t\t\t<\/div>\n\t\t<div class=\"elementor-element elementor-element-74415a7 e-flex e-con-boxed e-con e-parent\" data-id=\"74415a7\" data-element_type=\"container\" data-e-type=\"container\">\n\t\t\t\t\t<div class=\"e-con-inner\">\n\t\t\t\t<div class=\"elementor-element elementor-element-cb53d58 elementor-widget elementor-widget-heading\" data-id=\"cb53d58\" data-element_type=\"widget\" data-e-type=\"widget\" data-widget_type=\"heading.default\">\n\t\t\t\t<div class=\"elementor-widget-container\">\n\t\t\t\t\t<h2 class=\"elementor-heading-title elementor-size-default\">Volledam - De Blaai &amp; De Jas<\/h2>\t\t\t\t<\/div>\n\t\t\t\t<\/div>\n\t\t\t\t\t<\/div>\n\t\t\t\t<\/div>\n\t\t<div class=\"elementor-element elementor-element-0f7f63b e-flex e-con-boxed e-con e-parent\" data-id=\"0f7f63b\" data-element_type=\"container\" data-e-type=\"container\">\n\t\t\t\t\t<div class=\"e-con-inner\">\n\t\t\t\t<div class=\"elementor-element elementor-element-4932f32 elementor-widget elementor-widget-text-editor\" data-id=\"4932f32\" data-element_type=\"widget\" data-e-type=\"widget\" data-widget_type=\"text-editor.default\">\n\t\t\t\t<div class=\"elementor-widget-container\">\n\t\t\t\t\t\t\t\t\t<p>De kerremes van vroeger <br \/>De d\u00eaik van V\u00f2lledam <br \/>We st\u00f2nde dair te k\u00eaike<br \/>nair z\u00f2\u2019n ouwe dr\u00f2nke man<\/p><p>Ei ad de d\u00fbivel in z\u2019n ze \u00f4ge<br \/>Z\u00f2 jeloers wet of ie was<br \/>Want ze vrouw die st\u00f2nd te d\u00e2nse<br \/>Met de ien of d\u2019\u00f4are jas<\/p><p>Toe riep ie: Ee oor j\u00eai ers ier\u00f4<br \/>G\u00e2 je weg ier j\u00f4a of n\u00e2i<br \/>Je bl\u00eaive van me w\u00eaif of <br \/>of ik gooi je in de z\u00e2i<\/p><p>Ee oor j\u00eai ers ier\u00f4<br \/>Of ken j\u00eai me niet verst\u00e2n<br \/>Ik bin \u2018n V\u00f2lledammer <br \/>dus g\u00e2 j\u00eaj m\u00f4ar ier ved\u00e2n<\/p><p>M\u00f4ar die jas die gaf gien sjoege<br \/>Ze vrouw die oorde niks<br \/>Ze zwierde l\u00e1ngs de kroeg<br \/>\u2018t was een foxtrot of z\u00f2iets<\/p><p>Dus die man dr\u00f2nk n\u00e1g een glas l\u00e9ejg<br \/>In toe riep \u2018ie v\u00f2l ven\u00eain <br \/>\u00cai is zejker van God verd\u00f2md <br \/>Die vrouw die is van m\u00eain<\/p><p>En ei zaat: Ee oor j\u00eaj ers ier\u00f4<br \/>G\u00e2 je weg ier j\u00f4a of n\u00e2i<br \/>Je bl\u00eaive van me w\u00eaif of<br \/>Of ik gooi je in de z\u00e2i<\/p><p>Ee oor j\u00eaj ers iero<br \/>Of ken j\u00eaj me niet verst\u00e2n<br \/>Ik bin \u2018n V\u00f2lledammer <br \/>dus g\u00e2 j\u00eaj m\u00f4ar ier ved\u00e2n<\/p><p>Toe k\u00f2mt ie van ze kruk of<br \/>Moar ei kon gieniens mair st\u00e2n<br \/>Ei skraauwde nair ze vrouwtje <br \/>Nou bin j\u00eaj w\u00e9jr \u00fbitged\u00e2nst<\/p><p>En ei zwaaide met ze v\u00fbiste<br \/>Nes z\u00f2\u2019n echte dr\u00f2nke blaai<br \/>Moar ei rolde van de d\u00eahk of<br \/>en ei bel\u00e2nde in de z\u00e2i<\/p><p>Lai die dai die die da<br \/>Lai die dai die dai<br \/>Ei rolde van de d\u00eahk of <br \/>en bel\u00e2ndde in de z\u00e2i<\/p><p>Moar die jas was z\u00f2 beroerd niet<br \/>En die p\u00e1kt m an ze \u00e2nd<br \/>Met ze V\u00f3lledammer p\u00e1k in al <br \/>L\u00e1g die m \u00f2p de k\u00e2nt<\/p><p>In ze vrouw d\u00e2n erregew\u00e9jre<br \/>Ei je je \u00eaige nau al zien? <br \/>K\u00eahk nau ers \u00f2m je \u00e9en<br \/>De kerremes\u2026.<br \/>Die is van iederien<\/p><p>Lai die dai die die da<br \/>Lai die dai die die<br \/>De kerremes \u00f2p de d\u00eahk <br \/>dat is \u2018n f\u00e2ist v\u00e9jr iederien<\/p><p>Lai die dai die die da<br \/>Lai die dai die die<br \/>De kerremes \u00f2p de d\u00eahk <br \/>dat is \u2018n f\u00e2ist v\u00e9jr iederien<\/p>\t\t\t\t\t\t\t\t<\/div>\n\t\t\t\t<\/div>\n\t\t\t\t\t<\/div>\n\t\t\t\t<\/div>\n\t\t\t\t<\/div>\n\t\t","protected":false},"excerpt":{"rendered":"<p>Volledam &#8211; De Blaai &amp; De Jas De kerremes van vroeger De d\u00eaik van V\u00f2lledam We st\u00f2nde dair te k\u00eaikenair z\u00f2\u2019n ouwe dr\u00f2nke man Ei ad de d\u00fbivel in z\u2019n ze \u00f4geZ\u00f2 jeloers wet of ie wasWant ze vrouw die st\u00f2nd te d\u00e2nseMet de ien of d\u2019\u00f4are jas Toe riep ie: Ee oor j\u00eai ers [&hellip;]<\/p>\n","protected":false},"author":1,"featured_media":0,"parent":0,"menu_order":0,"comment_status":"closed","ping_status":"closed","template":"","meta":{"footnotes":""},"class_list":["post-698","page","type-page","status-publish","hentry"],"_links":{"self":[{"href":"https:\/\/www.kerremuskrakers.nl\/index.php\/wp-json\/wp\/v2\/pages\/698","targetHints":{"allow":["GET"]}}],"collection":[{"href":"https:\/\/www.kerremuskrakers.nl\/index.php\/wp-json\/wp\/v2\/pages"}],"about":[{"href":"https:\/\/www.kerremuskrakers.nl\/index.php\/wp-json\/wp\/v2\/types\/page"}],"author":[{"embeddable":true,"href":"https:\/\/www.kerremuskrakers.nl\/index.php\/wp-json\/wp\/v2\/users\/1"}],"replies":[{"embeddable":true,"href":"https:\/\/www.kerremuskrakers.nl\/index.php\/wp-json\/wp\/v2\/comments?post=698"}],"version-history":[{"count":8,"href":"https:\/\/www.kerremuskrakers.nl\/index.php\/wp-json\/wp\/v2\/pages\/698\/revisions"}],"predecessor-version":[{"id":736,"href":"https:\/\/www.kerremuskrakers.nl\/index.php\/wp-json\/wp\/v2\/pages\/698\/revisions\/736"}],"wp:attachment":[{"href":"https:\/\/www.kerremuskrakers.nl\/index.php\/wp-json\/wp\/v2\/media?parent=698"}],"curies":[{"name":"wp","href":"https:\/\/api.w.org\/{rel}","templated":true}]}}